{"id":98,"date":"2022-01-20T15:26:29","date_gmt":"2022-01-20T21:26:29","guid":{"rendered":"http:\/\/localhost\/folex-wp\/?page_id=98"},"modified":"2025-08-11T12:01:47","modified_gmt":"2025-08-11T18:01:47","slug":"suscripcion","status":"publish","type":"page","link":"https:\/\/www.folex.com.mx\/es\/suscripcion\/","title":{"rendered":"Suscripci\u00f3n"},"content":{"rendered":"<div class=\"gb-container gb-container-174fe557\"><div class=\"gb-inside-container\">\n<div class=\"gb-container gb-container-a557c078\"><div class=\"gb-inside-container\">\n\n<h3 class=\"gb-headline gb-headline-884218f1 gb-headline-text\">Servicio de suscripci\u00f3n.<\/h3>\n\n<\/div><\/div>\n\n<div class=\"gb-container gb-container-0f206ebb\"><div class=\"gb-inside-container\">\n\n<ul class=\"wp-block-list\">\n<li>Por este m\u00e9todo usted gozar\u00e1 del Sistema por el periodo solicitado a partir de la fecha de activaci\u00f3n.<\/li>\n\n\n\n<li>Para este procedimiento es indispensable que cuente con internet en el equipo donde lo va a instalar.<\/li>\n\n\n\n<li>El Sistema por suscripci\u00f3n se transmite \u00fanicamente por internet. Una vez que realice su pago recibir\u00e1 un correo electr\u00f3nico con nuevo n\u00famero de licencia y por lo tanto con nuevas caracter\u00edsticas para el Sistema Folex.<\/li>\n\n\n\n<li>Los sistemas en suscripci\u00f3n tienen ventaja de poder utilizarse desde cualquier PC, es decir, s\u00f3lo requiere que instale el sistema y teclee el n\u00famero de usuario y contrase\u00f1a que se le hayan proporcionado para que el sistema sea funcional.<\/li>\n\n\n\n<li>Los sistemas en suscripci\u00f3n tienen la ventaja de no estar esclavizados a una sola PC, en caso de que \u00e9sta se descomponga o tenga que ser formateada, s\u00f3lo instale el sistema en otro equipo y contin\u00fae trabajando.<\/li>\n\n\n\n<li>Los sistemas en suscripci\u00f3n cuentan con actualizaciones autom\u00e1ticas sin costo adicional.<\/li>\n<\/ul>\n\n<\/div><\/div>\n<\/div><\/div>\n\n<div class=\"gb-container gb-container-faf51ee3\"><div class=\"gb-inside-container\">\n<div class=\"gb-container gb-container-27349008\"><div class=\"gb-inside-container\">\n\n<h3 class=\"gb-headline gb-headline-71ec414f gb-headline-text\">Planes y precios.<\/h3>\n\n<\/div><\/div>\n\n<div class=\"gb-container gb-container-d0e2fbf0\"><div class=\"gb-inside-container\">\n<div class=\"gb-grid-wrapper gb-grid-wrapper-ce283cb6\">\n<div class=\"gb-grid-column gb-grid-column-deedd045\"><div class=\"gb-container gb-container-deedd045\"><div class=\"gb-inside-container\">\n\n<div style=\"padding:00px 10px 00px 10px; border-radius: 10px 10px 10px 10px;box-shadow: 0 0 15px rgba(0, 0, 0, 0.2) inset;-moz-border-radius: 10px 10px 10px 10px;-webkit-border-radius: 10px 10px 10px 10px;border: 1px solid #666666;\">\n\t\t\t\t\t<table width=\"100%\" cellspacing=\"0\" cellpadding=\"0\" border=\"0\">\n\t\t\t\t\t\t<tbody><tr>\n\t\t\t\t\t\t\t<td>&nbsp;<\/td>\n\t\t\t\t\t\t<\/tr>\n\t\t\t\t\t\t<tr>\n\t\t\t\t\t\t\t<td><div style=\"font-family:Arial, Helvetica, sans-serif; font-size:32pt;\" align=\"center\"><sup style=\"font-size:20pt\">$<\/sup>3,299<sup style=\"font-size:20pt\">.00<\/sup><\/div><\/td>\n\t\t\t\t\t\t<\/tr>\n\t\t\t\t\t\t<tr>\n\t\t\t\t\t\t\t<td><p><\/p><div style=\"font-family:Arial, Helvetica, sans-serif; font-size:14pt;\" align=\"center\">MXN<\/div><p><\/p><\/td>\n\t\t\t\t\t\t<\/tr>\n\t\t\t\t\t\n<tr>\n  <td>\n    <div style=\"font-family:Arial, Helvetica, sans-serif; font-size:14pt;\" align=\"center\">Suscripci\u00f3n anual<\/div>\n  <\/td>\n<\/tr>\n\n<tr>\n  <td>\n    <p><\/p>\n    <div style=\"font-family:Arial, Helvetica, sans-serif; font-size:14pt;\" align=\"center\">\n      16 numeradores \/ foliadoras\n    <\/div>\n    <p><\/p>\n  <\/td>\n<\/tr>\n\n\n<tr>\n  <td>\n    <div style=\"font-family:Arial, Helvetica, sans-serif; font-size:12pt;\" align=\"center\">\n      <strong>Hasta 16 numeradores \/ foliadoras por plantilla.<\/strong>\n    <\/div>\n  <\/td>\n<\/tr>\n\n<tr>\n  <td>\n    <div style=\"font-family:Arial, Helvetica, sans-serif; font-size:12pt;\" align=\"center\">\n      <strong>Hasta 16 marginales por plantilla.<\/strong>\n    <\/div>\n  <\/td>\n<\/tr>\n\n\n<tr>\n  <td>\n    <div style=\"font-family:Arial, Helvetica, sans-serif; font-size:12pt;\" align=\"center\">\n      <strong>Imprima hasta en 2 impresoras simult\u00e1neamente.<\/strong>\n    <\/div>\n  <\/td>\n<\/tr>\n\n<tr>\n  <td>\n    <div style=\"font-family:Arial, Helvetica, sans-serif; font-size:12pt;\" align=\"center\">\n      Acomode f\u00e1cilmente los numeradores o foliadoras y marginales en posiciones tanto vertical como horizontal en el mismo trabajo.\n    <\/div>\n  <\/td>\n<\/tr>\n\n<tr>\n  <td>\n    <div style=\"font-family:Arial, Helvetica, sans-serif; font-size:12pt;\" align=\"center\">\n      Ajuste el tipo, tama\u00f1o y color de letra en numeradores o foliadoras y marginales de acuerdo a sus necesidades.\n    <\/div>\n  <\/td>\n<\/tr>\n\n<tr>\n  <td>\n    <div style=\"font-family:Arial, Helvetica, sans-serif; font-size:12pt;\" align=\"center\">\n      Todos los numeradores o foliadoras cuentan con prefijo, sufijo, avance, retroceso, giro y m\u00e1scara.\n    <\/div>\n  <\/td>\n<\/tr>\n\n<tr>\n  <td>\n    <div style=\"font-family:Arial, Helvetica, sans-serif; font-size:12pt;\" align=\"center\">\n      Imprima los numeradores o folidoras hasta con 12 d\u00edgitos. Lo que las foliadoras convencionales no le permiten imprimir.\n    <\/div>\n  <\/td>\n<\/tr>\n\n<tr>\n  <td>\n    <div style=\"font-family:Arial, Helvetica, sans-serif; font-size:12pt;\" align=\"center\">\n      <strong>Para suscripciones o informes comunicarse a por medio de nuestro correo electr\u00f3nico.<\/strong>\n    <\/div>\n  <\/td>\n<\/tr>\n<tr>\n\t<td>&nbsp;<\/td>\n<\/tr>\n<\/tbody><\/table>\n<\/div>\n\n<\/div><\/div><\/div>\n\n<div class=\"gb-grid-column gb-grid-column-024f1aa3\"><div class=\"gb-container gb-container-024f1aa3\"><div class=\"gb-inside-container\">\n\n<div style=\"padding:00px 10px 00px 10px; border-radius: 10px 10px 10px 10px;box-shadow: 0 0 15px rgba(0, 0, 0, 0.2) inset;-moz-border-radius: 10px 10px 10px 10px;-webkit-border-radius: 10px 10px 10px 10px;border: 1px solid #666666;\">\n\t\t\t\t\t<table width=\"100%\" cellspacing=\"0\" cellpadding=\"0\" border=\"0\">\n\t\t\t\t\t\t<tbody><tr>\n\t\t\t\t\t\t\t<td>&nbsp;<\/td>\n\t\t\t\t\t\t<\/tr>\n\t\t\t\t\t\t<tr>\n\t\t\t\t\t\t\t<td><div style=\"font-family:Arial, Helvetica, sans-serif; font-size:32pt;\" align=\"center\"><sup style=\"font-size:20pt\">$<\/sup>5,299<sup style=\"font-size:20pt\">.00<\/sup><\/div><\/td>\n\t\t\t\t\t\t<\/tr>\n\t\t\t\t\t\t<tr>\n\t\t\t\t\t\t\t<td><p><\/p><div style=\"font-family:Arial, Helvetica, sans-serif; font-size:14pt;\" align=\"center\">MXN<\/div><p><\/p><\/td>\n\t\t\t\t\t\t<\/tr>\n\n\t<tr>\n\t\t\t\t\t\t\t<td><div style=\"font-family:Arial, Helvetica, sans-serif; font-size:14pt;\" align=\"center\">Suscripci\u00f3n anual<\/div><\/td>\n\t\t\t\t\t\t<\/tr>\n\n\t\t\t\t\t\t<tr>\n\t\t\t\t\t\t\t<td><p><\/p><div style=\"font-family:Arial, Helvetica, sans-serif; font-size:14pt;\" align=\"center\">32 numeradores \/ foliadoras<\/div><p><\/p><\/td>\n\t\t\t\t\t\t<\/tr>\n<tr>\n  <td>\n    <div style=\"font-family:Arial, Helvetica, sans-serif; font-size:12pt;\" align=\"center\">\n      <strong>Hasta 32 numeradores \/ foliadoras por plantilla.<\/strong>\n    <\/div>\n  <\/td>\n<\/tr>\n\n<tr>\n  <td>\n    <div style=\"font-family:Arial, Helvetica, sans-serif; font-size:12pt;\" align=\"center\">\n      <strong>Hasta 32 marginales por plantilla.<\/strong>\n    <\/div>\n  <\/td>\n<\/tr>\n\n\n<tr>\n  <td>\n    <div style=\"font-family:Arial, Helvetica, sans-serif; font-size:12pt;\" align=\"center\">\n      <strong>Imprima hasta en 3 impresoras simult\u00e1neamente.<\/strong>\n    <\/div>\n  <\/td>\n<\/tr>\n\n<tr>\n  <td>\n    <div style=\"font-family:Arial, Helvetica, sans-serif; font-size:12pt;\" align=\"center\">\n      Acomode f\u00e1cilmente los numeradores o foliadoras y marginales en posiciones tanto vertical como horizontal en el mismo trabajo.\n    <\/div>\n  <\/td>\n<\/tr>\n\n<tr>\n  <td>\n    <div style=\"font-family:Arial, Helvetica, sans-serif; font-size:12pt;\" align=\"center\">\n      Ajuste el tipo, tama\u00f1o y color de letra en numeradores o foliadoras y marginales de acuerdo a sus necesidades.\n    <\/div>\n  <\/td>\n<\/tr>\n\n<tr>\n  <td>\n    <div style=\"font-family:Arial, Helvetica, sans-serif; font-size:12pt;\" align=\"center\">\n      Todos los numeradores o foliadoras cuentan con prefijo, sufijo, avance, retroceso, giro y m\u00e1scara.\n    <\/div>\n  <\/td>\n<\/tr>\n\n<tr>\n  <td>\n    <div style=\"font-family:Arial, Helvetica, sans-serif; font-size:12pt;\" align=\"center\">\n      Imprima los numeradores o folidoras hasta con 12 d\u00edgitos. Lo que las foliadoras convencionales no le permiten imprimir.\n    <\/div>\n  <\/td>\n<\/tr>\n\t\t\n\t<tr>\n\t\t<td>\n\t\t\t<div style=\"font-family:Arial, Helvetica, sans-serif; font-size:12pt;\" align=\"center\">\n\t\t\t\t<strong>Para suscripciones o informes comunicarse a por medio de nuestro correo electr\u00f3nico.<\/strong>\n\t\t\t<\/div>\n\t\t<\/td>\n\t<\/tr>\n\t\n\t<tr>\n\t\t<td>&nbsp;<\/td>\n\t<\/tr>\n<\/tbody><\/table>\n<\/div>\n\n<\/div><\/div><\/div>\n\n<div class=\"gb-grid-column gb-grid-column-42ec4d90\"><div class=\"gb-container gb-container-42ec4d90\"><div class=\"gb-inside-container\">\n\n<div style=\"padding:00px 10px 00px 10px; border-radius: 10px 10px 10px 10px;box-shadow: 0 0 15px rgba(0, 0, 0, 0.2) inset;-moz-border-radius: 10px 10px 10px 10px;-webkit-border-radius: 10px 10px 10px 10px;border: 1px solid #666666;\">\n\t\t\t\t\t<table width=\"100%\" cellspacing=\"0\" cellpadding=\"0\" border=\"0\">\n\t\t\t\t\t\t<tbody><tr>\n\t\t\t\t\t\t\t<td>&nbsp;<\/td>\n\t\t\t\t\t\t<\/tr>\n\t\t\t\t\t\t<tr>\n\t\t\t\t\t\t\t<td><div style=\"font-family:Arial, Helvetica, sans-serif; font-size:32pt;\" align=\"center\"><sup style=\"font-size:20pt\">$<\/sup>7,299<sup style=\"font-size:20pt\">.00<\/sup><\/div><\/td>\n\t\t\t\t\t\t<\/tr>\n\t\t\t\t\t\t<tr>\n\t\t\t\t\t\t\t<td><p><\/p><div style=\"font-family:Arial, Helvetica, sans-serif; font-size:14pt;\" align=\"center\">MXN<\/div><p><\/p><\/td>\n\t\t\t\t\t\t<\/tr>\n\n\t<tr>\n\t\t\t\t\t\t\t<td><div style=\"font-family:Arial, Helvetica, sans-serif; font-size:14pt;\" align=\"center\">Suscripci\u00f3n anual<\/div><\/td>\n\t\t\t\t\t\t<\/tr>\n\t\t\t\t\t\t<tr>\n\t\t\t\t\t\t\t<td><p><\/p><div style=\"font-family:Arial, Helvetica, sans-serif; font-size:14pt;\" align=\"center\">64 numeradores \/ foliadoras<\/div><p><\/p><\/td>\n\t\t\t\t\t\t<\/tr>\n\t\t\t\t\t<tr>\n  <td>\n    <div style=\"font-family:Arial, Helvetica, sans-serif; font-size:12pt;\" align=\"center\">\n      <strong>Hasta 64 numeradores \/ foliadoras por plantilla.<\/strong>\n    <\/div>\n  <\/td>\n<\/tr>\n\n<tr>\n  <td>\n    <div style=\"font-family:Arial, Helvetica, sans-serif; font-size:12pt;\" align=\"center\">\n      <strong>Hasta 64 marginales por plantilla.<\/strong>\n    <\/div>\n  <\/td>\n<\/tr>\n\n\n<tr>\n  <td>\n    <div style=\"font-family:Arial, Helvetica, sans-serif; font-size:12pt;\" align=\"center\">\n      <strong>Imprima hasta en 4 impresoras simult\u00e1neamente.<\/strong>\n    <\/div>\n  <\/td>\n<\/tr>\n\n<tr>\n  <td>\n    <div style=\"font-family:Arial, Helvetica, sans-serif; font-size:12pt;\" align=\"center\">\n      Acomode f\u00e1cilmente los numeradores o foliadoras y marginales en posiciones tanto vertical como horizontal en el mismo trabajo.\n    <\/div>\n  <\/td>\n<\/tr>\n\n<tr>\n  <td>\n    <div style=\"font-family:Arial, Helvetica, sans-serif; font-size:12pt;\" align=\"center\">\n      Ajuste el tipo, tama\u00f1o y color de letra en numeradores o foliadoras y marginales de acuerdo a sus necesidades.\n    <\/div>\n  <\/td>\n<\/tr>\n\n<tr>\n  <td>\n    <div style=\"font-family:Arial, Helvetica, sans-serif; font-size:12pt;\" align=\"center\">\n      Todos los numeradores o foliadoras cuentan con prefijo, sufijo, avance, retroceso, giro y m\u00e1scara.\n    <\/div>\n  <\/td>\n<\/tr>\n\n<tr>\n  <td>\n    <div style=\"font-family:Arial, Helvetica, sans-serif; font-size:12pt;\" align=\"center\">\n      Imprima los numeradores o folidoras hasta con 12 d\u00edgitos. Lo que las foliadoras convencionales no le permiten imprimir.\n    <\/div>\n  <\/td>\n<\/tr>\n\t\t\t\t\t\n\t<tr>\n\t\t<td>\n\t\t\t<div style=\"font-family:Arial, Helvetica, sans-serif; font-size:12pt;\" align=\"center\">\n\t\t\t\t<strong>Para suscripciones o informes comunicarse a por medio de nuestro correo electr\u00f3nico.<\/strong>\n\t\t\t<\/div>\n\t\t<\/td>\n\t<\/tr>\n\t<tr>\n\t\t<td>&nbsp;<\/td>\n\t<\/tr>\n\t<\/tbody><\/table>\n<\/div>\n\n<\/div><\/div><\/div>\n<\/div>\n\n<div class=\"gb-container gb-container-e10b8720\"><div class=\"gb-inside-container\">\n\n<h6 class=\"gb-headline gb-headline-bf78ec01 gb-headline-text\"><em><strong>.<\/strong><\/em><\/h6>\n\n<\/div><\/div>\n<\/div><\/div>\n<\/div><\/div>\n\n<div class=\"gb-container gb-container-938bf6fa\"><div class=\"gb-inside-container\"><\/div><\/div>","protected":false},"excerpt":{"rendered":"<p>Servicio de suscripci\u00f3n. Planes y precios. .<\/p>\n","protected":false},"author":1,"featured_media":0,"parent":0,"menu_order":0,"comment_status":"closed","ping_status":"closed","template":"","meta":{"_crdt_document":"","footnotes":""},"class_list":["post-98","page","type-page","status-publish","hentry"],"blocksy_meta":{"styles_descriptor":{"styles":{"desktop":"","tablet":"","mobile":""},"google_fonts":[],"version":6}},"featured_image_src":null,"_links":{"self":[{"href":"https:\/\/www.folex.com.mx\/es\/wp-json\/wp\/v2\/pages\/98","targetHints":{"allow":["GET"]}}],"collection":[{"href":"https:\/\/www.folex.com.mx\/es\/wp-json\/wp\/v2\/pages"}],"about":[{"href":"https:\/\/www.folex.com.mx\/es\/wp-json\/wp\/v2\/types\/page"}],"author":[{"embeddable":true,"href":"https:\/\/www.folex.com.mx\/es\/wp-json\/wp\/v2\/users\/1"}],"replies":[{"embeddable":true,"href":"https:\/\/www.folex.com.mx\/es\/wp-json\/wp\/v2\/comments?post=98"}],"version-history":[{"count":44,"href":"https:\/\/www.folex.com.mx\/es\/wp-json\/wp\/v2\/pages\/98\/revisions"}],"predecessor-version":[{"id":192,"href":"https:\/\/www.folex.com.mx\/es\/wp-json\/wp\/v2\/pages\/98\/revisions\/192"}],"wp:attachment":[{"href":"https:\/\/www.folex.com.mx\/es\/wp-json\/wp\/v2\/media?parent=98"}],"curies":[{"name":"wp","href":"https:\/\/api.w.org\/{rel}","templated":true}]}}